{"id":379,"date":"2023-07-20T01:06:50","date_gmt":"2023-07-20T01:06:50","guid":{"rendered":"https:\/\/bricks.e-rupt.net\/?page_id=379"},"modified":"2023-12-21T17:05:06","modified_gmt":"2023-12-21T17:05:06","slug":"contact","status":"publish","type":"page","link":"https:\/\/e-rupt.net\/fr\/contact\/","title":{"rendered":"Contact"},"content":{"rendered":"<h1 class=\"wp-block-heading\">Contact<\/h1>\n\n\n\n<p>Prendre contact<\/p>\n\n\n\n<p>Interrompons ensemble la th\u00e9rapie<\/p>\n\n\n\n<figure class=\"wp-block-image size-full\"><img decoding=\"async\" src=\"https:\/\/e-rupt.net\/wp-content\/uploads\/2023\/07\/vector1updown.svg\" alt=\"Image de contact\" class=\"wp-image-212\"\/><\/figure>\n\n\n\n<p>Nous cr\u00e9ons une application et recherchons des soutiens de toutes sortes. Notre objectif est d'\u00e9tendre notre r\u00e9seau et d'offrir la th\u00e9rapie la plus efficace aux personnes souffrant de troubles de l'\u00e9rection.<\/p>\n\n\n\n<p>Qu'est-ce qui vous int\u00e9resse ? Faites-le nous savoir ci-dessous :<\/p>\n\n\n\n<figure class=\"wp-block-image size-full\"><img decoding=\"async\" src=\"https:\/\/e-rupt.net\/wp-content\/uploads\/2023\/07\/Iconos-de-contacto_icon-1.svg\" alt=\"Contact Ic\u00f4ne\" class=\"wp-image-405\"\/><\/figure>\n\n\n\n<p>J'aimerais obtenir l'application e.rupt<\/p>\n\n\n\n<figure class=\"wp-block-image size-full\"><img decoding=\"async\" src=\"https:\/\/e-rupt.net\/wp-content\/uploads\/2023\/07\/Iconos-de-contacto_icon-3s.svg\" alt=\"\" class=\"wp-image-404\"\/><\/figure>\n\n\n\n<p>Je veux faire partie de l'\u00e9quipe<\/p>\n\n\n\n<figure class=\"wp-block-image size-full\"><img decoding=\"async\" src=\"https:\/\/e-rupt.net\/wp-content\/uploads\/2023\/07\/Iconos-de-contacto_icon-4.svg\" alt=\"\" class=\"wp-image-403\"\/><\/figure>\n\n\n\n<p>Je veux soutenir cette startup de sant\u00e9 num\u00e9rique<\/p>\n\n\n\n<figure class=\"wp-block-image size-full\"><img decoding=\"async\" src=\"https:\/\/e-rupt.net\/wp-content\/uploads\/2023\/07\/Iconos-de-contacto_icon-2.svg\" alt=\"\" class=\"wp-image-402\"\/><\/figure>\n\n\n\n<p>Prenez contact avec nous en tant qu'investisseur, laboratoire ou assurance maladie.<\/p>\n\n\n\n<div class=\"wp-block-buttons is-layout-flex wp-block-buttons-is-layout-flex\">\n<div class=\"wp-block-button\"><a class=\"wp-block-button__link wp-element-button\">Contactez nous !<\/a><\/div>\n<\/div>","protected":false},"excerpt":{"rendered":"<p>Contact Prenez contact Perturbez la th\u00e9rapie ensemble Nous sommes en train de cr\u00e9er une application et recherchons des soutiens \u00e0 tous les niveaux. Notre objectif est d'\u00e9tendre notre r\u00e9seau et d'offrir la th\u00e9rapie la plus efficace aux personnes souffrant de troubles de l'\u00e9rection. Qu'est-ce qui vous int\u00e9resse ? Faites-le nous savoir ci-dessous : J'aimerais obtenir l'application e.rupt Je veux [...]<\/p>","protected":false},"author":1,"featured_media":0,"parent":0,"menu_order":0,"comment_status":"closed","ping_status":"closed","template":"","meta":{"_acf_changed":false,"_monsterinsights_skip_tracking":false,"_monsterinsights_sitenote_active":false,"_monsterinsights_sitenote_note":"","_monsterinsights_sitenote_category":0,"footnotes":""},"class_list":["post-379","page","type-page","status-publish","hentry"],"acf":[],"_links":{"self":[{"href":"https:\/\/e-rupt.net\/fr\/wp-json\/wp\/v2\/pages\/379","targetHints":{"allow":["GET"]}}],"collection":[{"href":"https:\/\/e-rupt.net\/fr\/wp-json\/wp\/v2\/pages"}],"about":[{"href":"https:\/\/e-rupt.net\/fr\/wp-json\/wp\/v2\/types\/page"}],"author":[{"embeddable":true,"href":"https:\/\/e-rupt.net\/fr\/wp-json\/wp\/v2\/users\/1"}],"replies":[{"embeddable":true,"href":"https:\/\/e-rupt.net\/fr\/wp-json\/wp\/v2\/comments?post=379"}],"version-history":[{"count":7,"href":"https:\/\/e-rupt.net\/fr\/wp-json\/wp\/v2\/pages\/379\/revisions"}],"predecessor-version":[{"id":1412,"href":"https:\/\/e-rupt.net\/fr\/wp-json\/wp\/v2\/pages\/379\/revisions\/1412"}],"wp:attachment":[{"href":"https:\/\/e-rupt.net\/fr\/wp-json\/wp\/v2\/media?parent=379"}],"curies":[{"name":"wp","href":"https:\/\/api.w.org\/{rel}","templated":true}]}}