{"id":17,"date":"2023-07-16T08:07:27","date_gmt":"2023-07-16T08:07:27","guid":{"rendered":"https:\/\/bricks.e-rupt.net\/?page_id=17"},"modified":"2024-02-15T13:22:42","modified_gmt":"2024-02-15T13:22:42","slug":"startseite","status":"publish","type":"page","link":"https:\/\/e-rupt.net\/fr\/","title":{"rendered":"Startseite"},"content":{"rendered":"<figure class=\"wp-block-gallery has-nested-images columns-default is-cropped wp-block-gallery-1 is-layout-flex wp-block-gallery-is-layout-flex\">\n<figure class=\"wp-block-image size-full\"><img decoding=\"async\" data-id=\"26\" src=\"https:\/\/e-rupt.net\/wp-content\/uploads\/2023\/07\/guy_sitting_on_phone2-1.svg\" alt=\"Homme assis sur un t\u00e9l\u00e9phone\" class=\"wp-image-26\"\/><\/figure>\n<\/figure>\n\n\n\n<figure class=\"wp-block-image size-full\"><img decoding=\"async\" src=\"https:\/\/e-rupt.net\/wp-content\/uploads\/2023\/07\/Logo_dunkler_hintergrund.svg\" alt=\"e.rupt logo\" class=\"wp-image-23\"\/><\/figure>\n\n\n\n<p>sans effets secondaires<\/p>\n\n\n\n<h1 class=\"wp-block-heading\">Votre th\u00e9rapeute de poche pour la dysfonction \u00e9rectile<\/h1>\n\n\n\n<div class=\"wp-block-buttons is-layout-flex wp-block-buttons-is-layout-flex\">\n<div class=\"wp-block-button\"><a class=\"wp-block-button__link wp-element-button\">Effectuez l'auto-test du DE<\/a><\/div>\n<\/div>\n\n\n         \n              <div class=\"wen-skill-charts-wrap\">\n          \n    <div class=\"wen-skill-circle\" id=\"wsc-39-69e7643c7881e\">\n                      <div class=\"skill-wrap\">\n                              <div class=\"skill-circle-wrap\" data-percent=\"50\" data-barcolor=\"#0096eb\">\n                          <span class=\"skill-percentage\" style=\"color:#ffffff;\"><\/span>\n                      <\/div>\n                    \n        <\/div>\n          <\/div><!-- .wen-skill-bar -->\n    <script>\n      jQuery(document).ready(function($){\n        $('#wsc-39-69e7643c7881e').appear();\n        $(document.body).on('appear', '#wsc-39-69e7643c7881e', function(e, affected) {\n          $( '.skill-circle-wrap', '#wsc-39-69e7643c7881e' ).each(function(i, elem ){\n            $(this).easyPieChart({\n              easing: 'easeOutBounce',\n              lineWidth: '15',\n              animate: 1500,\n              scaleColor: false,\n              trackWidth:'15',\n              size: '150',\n              lineCap: 'Square',\n              trackColor: '#4affd3',\n              barColor: $(this).data('barcolor'),\n              onStep: function(from, to, percent) {\n                $(this.el).find('.skill-percentage').text(Math.round(percent));\n              },\n              onStart: function(from, to) {\n                $(this.el).find('.skill-percentage').fadeIn();\n              }\n            });\n          });\n        }); \/\/end appear\n      });\n    <\/script>\n            <\/div> <!-- .wsc-skill -->\n         \n\n\n\n<p>des hommes souffriront de dysfonction \u00e9rectile au moins une fois dans leur vie<\/p>\n\n\n         \n              <div class=\"wen-skill-charts-wrap\">\n          \n    <div class=\"wen-skill-circle\" id=\"wsc-55-69e7643c78966\">\n                      <div class=\"skill-wrap\">\n                              <div class=\"skill-circle-wrap\" data-percent=\"24\" data-barcolor=\"#0096eb\">\n                          <span class=\"skill-percentage\" style=\"color:#ffffff;\"><\/span>\n                      <\/div>\n                    \n        <\/div>\n          <\/div><!-- .wen-skill-bar -->\n    <script>\n      jQuery(document).ready(function($){\n        $('#wsc-55-69e7643c78966').appear();\n        $(document.body).on('appear', '#wsc-55-69e7643c78966', function(e, affected) {\n          $( '.skill-circle-wrap', '#wsc-55-69e7643c78966' ).each(function(i, elem ){\n            $(this).easyPieChart({\n              easing: 'easeOutBounce',\n              lineWidth: '15',\n              animate: 1500,\n              scaleColor: false,\n              trackWidth:'15',\n              size: '150',\n              lineCap: 'Square',\n              trackColor: '#4affd3',\n              barColor: $(this).data('barcolor'),\n              onStep: function(from, to, percent) {\n                $(this.el).find('.skill-percentage').text(Math.round(percent));\n              },\n              onStart: function(from, to) {\n                $(this.el).find('.skill-percentage').fadeIn();\n              }\n            });\n          });\n        }); \/\/end appear\n      });\n    <\/script>\n            <\/div> <!-- .wsc-skill -->\n         \n\n\n\n<p>des hommes souffrant de dysfonctionnement \u00e9rectile ont moins de 40 ans - leur dysfonctionnement \u00e9rectile est principalement d\u00fb \u00e0 des probl\u00e8mes psychologiques<\/p>\n\n\n         \n              <div class=\"wen-skill-charts-wrap\">\n          \n    <div class=\"wen-skill-circle\" id=\"wsc-57-69e7643c78a8a\">\n                      <div class=\"skill-wrap\">\n                              <div class=\"skill-circle-wrap\" data-percent=\"70\" data-barcolor=\"#0096eb\">\n                          <span class=\"skill-percentage\" style=\"color:#ffffff;\"><\/span>\n                      <\/div>\n                    \n        <\/div>\n          <\/div><!-- .wen-skill-bar -->\n    <script>\n      jQuery(document).ready(function($){\n        $('#wsc-57-69e7643c78a8a').appear();\n        $(document.body).on('appear', '#wsc-57-69e7643c78a8a', function(e, affected) {\n          $( '.skill-circle-wrap', '#wsc-57-69e7643c78a8a' ).each(function(i, elem ){\n            $(this).easyPieChart({\n              easing: 'easeOutBounce',\n              lineWidth: '15',\n              animate: 1500,\n              scaleColor: false,\n              trackWidth:'15',\n              size: '150',\n              lineCap: 'Square',\n              trackColor: '#4affd3',\n              barColor: $(this).data('barcolor'),\n              onStep: function(from, to, percent) {\n                $(this.el).find('.skill-percentage').text(Math.round(percent));\n              },\n              onStart: function(from, to) {\n                $(this.el).find('.skill-percentage').fadeIn();\n              }\n            });\n          });\n        }); \/\/end appear\n      });\n    <\/script>\n            <\/div> <!-- .wsc-skill -->\n         \n\n\n\n<p>des hommes affect\u00e9s ne cherchent pas d'aide ou de traitement professionnel en raison de la honte, de la stigmatisation sociale, de la culpabilit\u00e9 et d'une faible estime de soi, ce qui p\u00e8se sur leurs relations avec les autres et avec eux-m\u00eames.<\/p>\n\n\n\n<p>La bonne nouvelle, c'est que<\/p>\n\n\n\n<p>La th\u00e9rapie num\u00e9rique e.rupt vous aide \u00e0 reprendre la main et \u00e0 surmonter vos troubles de l'\u00e9rection.<\/p>\n\n\n\n<h2 class=\"wp-block-heading has-text-align-center\">e.rupt - Un moyen unique de traiter la dysfonction \u00e9rectile<\/h2>\n\n\n\n\n\n<p>{acf_icon_description}<\/p>\n\n\n\n<h2 class=\"wp-block-heading\">Caract\u00e9ristiques<\/h2>\n\n\n\n<figure class=\"wp-block-image size-full\"><img decoding=\"async\" src=\"https:\/\/e-rupt.net\/wp-content\/uploads\/2023\/07\/guy_sitting_bank.svg\" alt=\"Homme assis sur une banque\" class=\"wp-image-130\"\/><\/figure>\n\n\n\n<figure class=\"wp-block-image size-full\"><img decoding=\"async\" src=\"https:\/\/e-rupt.net\/wp-content\/uploads\/2023\/07\/Vector_hands1.svg\" alt=\"\" class=\"wp-image-150\"\/><\/figure>\n\n\n\n<figure class=\"wp-block-image size-full\"><img decoding=\"async\" src=\"https:\/\/e-rupt.net\/wp-content\/uploads\/2023\/07\/Vector_hands2.svg\" alt=\"\" class=\"wp-image-151\"\/><\/figure>\n\n\n\n<p>Il est entre vos mains :<\/p>\n\n\n\n<p>Am\u00e9liorez votre \u00e9tat de sant\u00e9 et votre qualit\u00e9 de vie en seulement trois mois avec e.rupt.<\/p>\n\n\n\nLes troubles psychologiques de l'\u00e9rection peuvent \u00eatre trait\u00e9s facilement. Vous pouvez le faire vous-m\u00eame - de mani\u00e8re anonyme !<\/br><\/br>Nous proposons un programme personnel que vous pouvez suivre en 3 mois seulement ou prendre votre temps. Dans tous les cas, vous constaterez des am\u00e9liorations significatives !\n\n\n\n<p>Il suffit de suivre les \u00e9tapes suivantes :<\/p>\n\n\n\n<h2 class=\"wp-block-heading\">Comment fonctionne e.rupt ?<\/h2>\n\n\n\n<p>Cr\u00e9er un compte - de mani\u00e8re anonyme<\/p>\n\n\n\n<figure class=\"wp-block-image size-full\"><img loading=\"lazy\" decoding=\"async\" width=\"200\" height=\"435\" src=\"https:\/\/e-rupt.net\/wp-content\/uploads\/2023\/07\/login_200px.png\" alt=\"\" class=\"wp-image-165\" srcset=\"https:\/\/e-rupt.net\/wp-content\/uploads\/2023\/07\/login_200px.png 200w, https:\/\/e-rupt.net\/wp-content\/uploads\/2023\/07\/login_200px-138x300.png 138w\" sizes=\"auto, (max-width: 200px) 100vw, 200px\" \/><\/figure>\n\n\n\n<p>\u00c9tape 1<\/p>\n\n\n\n<p>\u00c9tape 2<\/p>\n\n\n\n<p>Faites l'\u00e9valuation - elle d\u00e9terminera votre approche th\u00e9rapeutique personnelle.<\/p>\n\n\n\n<figure class=\"wp-block-image size-full\"><img loading=\"lazy\" decoding=\"async\" width=\"200\" height=\"435\" src=\"https:\/\/e-rupt.net\/wp-content\/uploads\/2023\/07\/assessment_200px.png\" alt=\"\" class=\"wp-image-179\" srcset=\"https:\/\/e-rupt.net\/wp-content\/uploads\/2023\/07\/assessment_200px.png 200w, https:\/\/e-rupt.net\/wp-content\/uploads\/2023\/07\/assessment_200px-138x300.png 138w\" sizes=\"auto, (max-width: 200px) 100vw, 200px\" \/><\/figure>\n\n\n\n<p>\u00c9tape 3<\/p>\n\n\n\n<p>Effectuer le test sanguin facultatif<\/p>\n\n\n\n<figure class=\"wp-block-image size-full\"><img loading=\"lazy\" decoding=\"async\" width=\"200\" height=\"435\" src=\"https:\/\/e-rupt.net\/wp-content\/uploads\/2023\/07\/bloodtest_200px.png\" alt=\"\" class=\"wp-image-176\" srcset=\"https:\/\/e-rupt.net\/wp-content\/uploads\/2023\/07\/bloodtest_200px.png 200w, https:\/\/e-rupt.net\/wp-content\/uploads\/2023\/07\/bloodtest_200px-138x300.png 138w\" sizes=\"auto, (max-width: 200px) 100vw, 200px\" \/><\/figure>\n\n\n\n<p>\u00c9tape 4<\/p>\n\n\n\n<p>Compl\u00e9tez votre parcours th\u00e9rapeutique personnel<\/p>\n\n\n\n<figure class=\"wp-block-image size-full\"><img loading=\"lazy\" decoding=\"async\" width=\"200\" height=\"435\" src=\"https:\/\/e-rupt.net\/wp-content\/uploads\/2023\/07\/tracking_200px.png\" alt=\"\" class=\"wp-image-178\" srcset=\"https:\/\/e-rupt.net\/wp-content\/uploads\/2023\/07\/tracking_200px.png 200w, https:\/\/e-rupt.net\/wp-content\/uploads\/2023\/07\/tracking_200px-138x300.png 138w\" sizes=\"auto, (max-width: 200px) 100vw, 200px\" \/><\/figure>\n\n\n\n<p>\u00c9tape 5<\/p>\n\n\n\n<p>Suivez \u00e0 tout moment vos progr\u00e8s sur le tableau de bord<\/p>\n\n\n\n<figure class=\"wp-block-image size-full\"><img loading=\"lazy\" decoding=\"async\" width=\"200\" height=\"435\" src=\"https:\/\/e-rupt.net\/wp-content\/uploads\/2023\/07\/bloodtest_200px.png\" alt=\"\" class=\"wp-image-176\" srcset=\"https:\/\/e-rupt.net\/wp-content\/uploads\/2023\/07\/bloodtest_200px.png 200w, https:\/\/e-rupt.net\/wp-content\/uploads\/2023\/07\/bloodtest_200px-138x300.png 138w\" sizes=\"auto, (max-width: 200px) 100vw, 200px\" \/><\/figure>\n\n\n\n<p>Vous avez termin\u00e9, amusez-vous bien !<\/p>\n\n\n\n<h2 class=\"wp-block-heading\">Bient\u00f4t disponible en magasin<\/h2>\n\n\n\n<figure class=\"wp-block-image size-full\"><img loading=\"lazy\" decoding=\"async\" width=\"300\" height=\"90\" src=\"https:\/\/e-rupt.net\/wp-content\/uploads\/2023\/07\/app_store-300x90-1.webp\" alt=\"\" class=\"wp-image-188\"\/><\/figure>\n\n\n\n<figure class=\"wp-block-image size-full\"><img loading=\"lazy\" decoding=\"async\" width=\"300\" height=\"91\" src=\"https:\/\/e-rupt.net\/wp-content\/uploads\/2023\/07\/google_play-300x91-1.webp\" alt=\"\" class=\"wp-image-187\"\/><\/figure>\n\n\n\n<h2 class=\"wp-block-heading\">FAQ<\/h2>\n\n\n\n<figure class=\"wp-block-image size-full\"><img decoding=\"async\" src=\"https:\/\/e-rupt.net\/wp-content\/uploads\/2023\/07\/vector1updown.svg\" alt=\"FLoating form\" class=\"wp-image-212\"\/><\/figure>","protected":false},"excerpt":{"rendered":"<p>sans effets secondaires Votre th\u00e9rapeute de poche pour la dysfonction \u00e9rectile des hommes souffriront de dysfonction \u00e9rectile au moins une fois dans leur vie des hommes souffrant de dysfonction \u00e9rectile ont moins de 40 ans - leur dysfonction \u00e9rectile est principalement caus\u00e9e par des probl\u00e8mes psychologiques des hommes affect\u00e9s ne cherchent pas d'aide ou de traitement professionnel en raison de la honte, de la stigmatisation sociale, [...]<\/p>","protected":false},"author":1,"featured_media":0,"parent":0,"menu_order":0,"comment_status":"closed","ping_status":"closed","template":"","meta":{"_acf_changed":false,"_monsterinsights_skip_tracking":false,"_monsterinsights_sitenote_active":false,"_monsterinsights_sitenote_note":"","_monsterinsights_sitenote_category":0,"footnotes":""},"class_list":["post-17","page","type-page","status-publish","hentry"],"acf":[],"_links":{"self":[{"href":"https:\/\/e-rupt.net\/fr\/wp-json\/wp\/v2\/pages\/17","targetHints":{"allow":["GET"]}}],"collection":[{"href":"https:\/\/e-rupt.net\/fr\/wp-json\/wp\/v2\/pages"}],"about":[{"href":"https:\/\/e-rupt.net\/fr\/wp-json\/wp\/v2\/types\/page"}],"author":[{"embeddable":true,"href":"https:\/\/e-rupt.net\/fr\/wp-json\/wp\/v2\/users\/1"}],"replies":[{"embeddable":true,"href":"https:\/\/e-rupt.net\/fr\/wp-json\/wp\/v2\/comments?post=17"}],"version-history":[{"count":75,"href":"https:\/\/e-rupt.net\/fr\/wp-json\/wp\/v2\/pages\/17\/revisions"}],"predecessor-version":[{"id":1575,"href":"https:\/\/e-rupt.net\/fr\/wp-json\/wp\/v2\/pages\/17\/revisions\/1575"}],"wp:attachment":[{"href":"https:\/\/e-rupt.net\/fr\/wp-json\/wp\/v2\/media?parent=17"}],"curies":[{"name":"wp","href":"https:\/\/api.w.org\/{rel}","templated":true}]}}