{"id":379,"date":"2023-07-20T01:06:50","date_gmt":"2023-07-20T01:06:50","guid":{"rendered":"https:\/\/bricks.e-rupt.net\/?page_id=379"},"modified":"2023-12-21T17:05:06","modified_gmt":"2023-12-21T17:05:06","slug":"kontakt","status":"publish","type":"page","link":"https:\/\/e-rupt.net\/de\/kontakt\/","title":{"rendered":"Kontakt"},"content":{"rendered":"<h1 class=\"wp-block-heading\">Kontakt<\/h1>\n\n\n\n<p>Nehmen Sie Kontakt auf<\/p>\n\n\n\n<p>Lassen Sie uns zusammen die Therapie revolutionieren<\/p>\n\n\n\n<figure class=\"wp-block-image size-full\"><img decoding=\"async\" src=\"https:\/\/e-rupt.net\/wp-content\/uploads\/2023\/07\/vector1updown.svg\" alt=\"Kontakt Bild\" class=\"wp-image-212\"\/><\/figure>\n\n\n\n<p>Wir entwickeln eine App und suchen Unterst\u00fctzer:innen in jeder Hinsicht. Unser Ziel ist es, unser Netzwerk zu erweitern und die effektivste Therapie f\u00fcr Menschen zu liefern, die unter erektiler Dysfunktion leiden.<\/p>\n\n\n\n<p>Wie m\u00f6chten Sie uns helfen? Lassen Sie es uns wissen:<\/p>\n\n\n\n<figure class=\"wp-block-image size-full\"><img decoding=\"async\" src=\"https:\/\/e-rupt.net\/wp-content\/uploads\/2023\/07\/Iconos-de-contacto_icon-1.svg\" alt=\"Kontakt Ikone\" class=\"wp-image-405\"\/><\/figure>\n\n\n\n<p>Ich m\u00f6chte die E.rupt-App erhalten<\/p>\n\n\n\n<figure class=\"wp-block-image size-full\"><img decoding=\"async\" src=\"https:\/\/e-rupt.net\/wp-content\/uploads\/2023\/07\/Iconos-de-contacto_icon-3s.svg\" alt=\"\" class=\"wp-image-404\"\/><\/figure>\n\n\n\n<p>Ich m\u00f6chte Teil des Teams werden<\/p>\n\n\n\n<figure class=\"wp-block-image size-full\"><img decoding=\"async\" src=\"https:\/\/e-rupt.net\/wp-content\/uploads\/2023\/07\/Iconos-de-contacto_icon-4.svg\" alt=\"\" class=\"wp-image-403\"\/><\/figure>\n\n\n\n<p>Ich m\u00f6chte dieses digitale Gesundheits-Startup unterst\u00fctzen.<\/p>\n\n\n\n<figure class=\"wp-block-image size-full\"><img decoding=\"async\" src=\"https:\/\/e-rupt.net\/wp-content\/uploads\/2023\/07\/Iconos-de-contacto_icon-2.svg\" alt=\"\" class=\"wp-image-402\"\/><\/figure>\n\n\n\n<p>Treten Sie als Investor, Labor oder Krankenversicherung mit uns in Kontakt<\/p>\n\n\n\n<div class=\"wp-block-buttons is-layout-flex wp-block-buttons-is-layout-flex\">\n<div class=\"wp-block-button\"><a class=\"wp-block-button__link wp-element-button\">Kontaktieren Sie uns!<\/a><\/div>\n<\/div>","protected":false},"excerpt":{"rendered":"<p>Kontakt Nehmen Sie Kontakt auf Lassen Sie uns gemeinsam die Therapie unterbrechen Wir entwickeln eine App und suchen Unterst\u00fctzer in jeder Form. Unser Ziel ist es, unser Netzwerk zu erweitern und die effektivste Therapie f\u00fcr Menschen mit erektiler Dysfunktion anzubieten. Woran sind Sie interessiert? Lassen Sie es uns unten wissen: Ich m\u00f6chte die e.rupt-App erhalten Ich m\u00f6chte [...]<\/p>","protected":false},"author":1,"featured_media":0,"parent":0,"menu_order":0,"comment_status":"closed","ping_status":"closed","template":"","meta":{"_acf_changed":false,"_monsterinsights_skip_tracking":false,"_monsterinsights_sitenote_active":false,"_monsterinsights_sitenote_note":"","_monsterinsights_sitenote_category":0,"footnotes":""},"class_list":["post-379","page","type-page","status-publish","hentry"],"acf":[],"_links":{"self":[{"href":"https:\/\/e-rupt.net\/de\/wp-json\/wp\/v2\/pages\/379","targetHints":{"allow":["GET"]}}],"collection":[{"href":"https:\/\/e-rupt.net\/de\/wp-json\/wp\/v2\/pages"}],"about":[{"href":"https:\/\/e-rupt.net\/de\/wp-json\/wp\/v2\/types\/page"}],"author":[{"embeddable":true,"href":"https:\/\/e-rupt.net\/de\/wp-json\/wp\/v2\/users\/1"}],"replies":[{"embeddable":true,"href":"https:\/\/e-rupt.net\/de\/wp-json\/wp\/v2\/comments?post=379"}],"version-history":[{"count":7,"href":"https:\/\/e-rupt.net\/de\/wp-json\/wp\/v2\/pages\/379\/revisions"}],"predecessor-version":[{"id":1412,"href":"https:\/\/e-rupt.net\/de\/wp-json\/wp\/v2\/pages\/379\/revisions\/1412"}],"wp:attachment":[{"href":"https:\/\/e-rupt.net\/de\/wp-json\/wp\/v2\/media?parent=379"}],"curies":[{"name":"wp","href":"https:\/\/api.w.org\/{rel}","templated":true}]}}