{"id":17,"date":"2023-07-16T08:07:27","date_gmt":"2023-07-16T08:07:27","guid":{"rendered":"https:\/\/bricks.e-rupt.net\/?page_id=17"},"modified":"2024-02-15T13:22:42","modified_gmt":"2024-02-15T13:22:42","slug":"startseite","status":"publish","type":"page","link":"https:\/\/e-rupt.net\/de\/","title":{"rendered":"Startseite"},"content":{"rendered":"<figure class=\"wp-block-gallery has-nested-images columns-default is-cropped wp-block-gallery-1 is-layout-flex wp-block-gallery-is-layout-flex\">\n<figure class=\"wp-block-image size-full\"><img decoding=\"async\" data-id=\"26\" src=\"https:\/\/e-rupt.net\/wp-content\/uploads\/2023\/07\/guy_sitting_on_phone2-1.svg\" alt=\"Mann sitzt auf einem Telefon\" class=\"wp-image-26\"\/><\/figure>\n<\/figure>\n\n\n\n<figure class=\"wp-block-image size-full\"><img decoding=\"async\" src=\"https:\/\/e-rupt.net\/wp-content\/uploads\/2023\/07\/Logo_dunkler_hintergrund.svg\" alt=\"e.rupt-Logo\" class=\"wp-image-23\"\/><\/figure>\n\n\n\n<p>ohne Nebenwirkungen<\/p>\n\n\n\n<h1 class=\"wp-block-heading\">Ihr Taschentherapeut f\u00fcr erektile Dysfunktion<\/h1>\n\n\n\n<div class=\"wp-block-buttons is-layout-flex wp-block-buttons-is-layout-flex\">\n<div class=\"wp-block-button\"><a class=\"wp-block-button__link wp-element-button\">Habe ich ED? Zum Selbsttest<\/a><\/div>\n<\/div>\n\n\n         \n              <div class=\"wen-skill-charts-wrap\">\n          \n    <div class=\"wen-skill-circle\" id=\"wsc-39-69d8eed719b95\">\n                      <div class=\"skill-wrap\">\n                              <div class=\"skill-circle-wrap\" data-percent=\"50\" data-barcolor=\"#0096eb\">\n                          <span class=\"skill-percentage\" style=\"color:#ffffff;\"><\/span>\n                      <\/div>\n                    \n        <\/div>\n          <\/div><!-- .wen-skill-bar -->\n    <script>\n      jQuery(document).ready(function($){\n        $('#wsc-39-69d8eed719b95').appear();\n        $(document.body).on('appear', '#wsc-39-69d8eed719b95', function(e, affected) {\n          $( '.skill-circle-wrap', '#wsc-39-69d8eed719b95' ).each(function(i, elem ){\n            $(this).easyPieChart({\n              easing: 'easeOutBounce',\n              lineWidth: '15',\n              animate: 1500,\n              scaleColor: false,\n              trackWidth:'15',\n              size: '150',\n              lineCap: 'Square',\n              trackColor: '#4affd3',\n              barColor: $(this).data('barcolor'),\n              onStep: function(from, to, percent) {\n                $(this.el).find('.skill-percentage').text(Math.round(percent));\n              },\n              onStart: function(from, to) {\n                $(this.el).find('.skill-percentage').fadeIn();\n              }\n            });\n          });\n        }); \/\/end appear\n      });\n    <\/script>\n            <\/div> <!-- .wsc-skill -->\n         \n\n\n\n<p>aller M\u00e4nner werden im Laufe ihres Lebens mindestens einmal Erektionsst\u00f6rungen (ED) erfahren.<\/p>\n\n\n         \n              <div class=\"wen-skill-charts-wrap\">\n          \n    <div class=\"wen-skill-circle\" id=\"wsc-55-69d8eed719d6f\">\n                      <div class=\"skill-wrap\">\n                              <div class=\"skill-circle-wrap\" data-percent=\"24\" data-barcolor=\"#0096eb\">\n                          <span class=\"skill-percentage\" style=\"color:#ffffff;\"><\/span>\n                      <\/div>\n                    \n        <\/div>\n          <\/div><!-- .wen-skill-bar -->\n    <script>\n      jQuery(document).ready(function($){\n        $('#wsc-55-69d8eed719d6f').appear();\n        $(document.body).on('appear', '#wsc-55-69d8eed719d6f', function(e, affected) {\n          $( '.skill-circle-wrap', '#wsc-55-69d8eed719d6f' ).each(function(i, elem ){\n            $(this).easyPieChart({\n              easing: 'easeOutBounce',\n              lineWidth: '15',\n              animate: 1500,\n              scaleColor: false,\n              trackWidth:'15',\n              size: '150',\n              lineCap: 'Square',\n              trackColor: '#4affd3',\n              barColor: $(this).data('barcolor'),\n              onStep: function(from, to, percent) {\n                $(this.el).find('.skill-percentage').text(Math.round(percent));\n              },\n              onStart: function(from, to) {\n                $(this.el).find('.skill-percentage').fadeIn();\n              }\n            });\n          });\n        }); \/\/end appear\n      });\n    <\/script>\n            <\/div> <!-- .wsc-skill -->\n         \n\n\n\n<p>der M\u00e4nner, die unter ED leiden, sind unter 40 Jahre alt und ihre Erektionsst\u00f6rungen werden haupts\u00e4chlich durch psychologische Probleme verursacht.<\/p>\n\n\n         \n              <div class=\"wen-skill-charts-wrap\">\n          \n    <div class=\"wen-skill-circle\" id=\"wsc-57-69d8eed719fea\">\n                      <div class=\"skill-wrap\">\n                              <div class=\"skill-circle-wrap\" data-percent=\"70\" data-barcolor=\"#0096eb\">\n                          <span class=\"skill-percentage\" style=\"color:#ffffff;\"><\/span>\n                      <\/div>\n                    \n        <\/div>\n          <\/div><!-- .wen-skill-bar -->\n    <script>\n      jQuery(document).ready(function($){\n        $('#wsc-57-69d8eed719fea').appear();\n        $(document.body).on('appear', '#wsc-57-69d8eed719fea', function(e, affected) {\n          $( '.skill-circle-wrap', '#wsc-57-69d8eed719fea' ).each(function(i, elem ){\n            $(this).easyPieChart({\n              easing: 'easeOutBounce',\n              lineWidth: '15',\n              animate: 1500,\n              scaleColor: false,\n              trackWidth:'15',\n              size: '150',\n              lineCap: 'Square',\n              trackColor: '#4affd3',\n              barColor: $(this).data('barcolor'),\n              onStep: function(from, to, percent) {\n                $(this.el).find('.skill-percentage').text(Math.round(percent));\n              },\n              onStart: function(from, to) {\n                $(this.el).find('.skill-percentage').fadeIn();\n              }\n            });\n          });\n        }); \/\/end appear\n      });\n    <\/script>\n            <\/div> <!-- .wsc-skill -->\n         \n\n\n\n<p>der betroffenen M\u00e4nner suchen aufgrund von Scham, sozialer Stigmatisierung, Schuldgef\u00fchlen und geringem Selbstwertgef\u00fchl keine Hilfe oder professionelle Behandlung. ED belastet ihre Beziehungen zu anderen Menschen und sich selbst.<\/p>\n\n\n\n<p>Die gute Nachricht:<\/p>\n\n\n\n<p>Die digitale Therapie von e.rupt bietet Ihnen ein umfassendes Toolkit zur Bew\u00e4ltigung von Erektionsproblemen.<\/p>\n\n\n\n<h2 class=\"wp-block-heading has-text-align-center\">e.rupt - Eine einzigartige Behandlung von erektiler Dysfunktion<\/h2>\n\n\n\n\n\n<p>{acf_icon_description}<\/p>\n\n\n\n<h2 class=\"wp-block-heading\">Funktionen<\/h2>\n\n\n\n<figure class=\"wp-block-image size-full\"><img decoding=\"async\" src=\"https:\/\/e-rupt.net\/wp-content\/uploads\/2023\/07\/guy_sitting_bank.svg\" alt=\"Mann sitzt auf Bank\" class=\"wp-image-130\"\/><\/figure>\n\n\n\n<figure class=\"wp-block-image size-full\"><img decoding=\"async\" src=\"https:\/\/e-rupt.net\/wp-content\/uploads\/2023\/07\/Vector_hands1.svg\" alt=\"\" class=\"wp-image-150\"\/><\/figure>\n\n\n\n<figure class=\"wp-block-image size-full\"><img decoding=\"async\" src=\"https:\/\/e-rupt.net\/wp-content\/uploads\/2023\/07\/Vector_hands2.svg\" alt=\"\" class=\"wp-image-151\"\/><\/figure>\n\n\n\n<p>Es liegt in Ihren H\u00e4nden:<\/p>\n\n\n\n<p>Verbessern Sie Ihren Zustand und Ihre Lebensqualit\u00e4t in nur drei Monaten mit e.rupt.<\/p>\n\n\n\nPsychologische erektile Dysfunktion kann leicht behandelt werden. Sie k\u00f6nnen es selbst tun - anonym!<\/br><\/br>Wir bieten ein pers\u00f6nliches Programm an, das Sie in nur 3 Monaten absolvieren k\u00f6nnen oder Sie k\u00f6nnen sich Zeit lassen. In jedem Fall werden Sie signifikante Verbesserungen bemerken!\n\n\n\n<p>Folgen Sie einfach diesen Schritten:<\/p>\n\n\n\n<h2 class=\"wp-block-heading\">Wie funktioniert e.rupt?<\/h2>\n\n\n\n<p>Erstellen Sie ein Konto - Anonym!<\/p>\n\n\n\n<figure class=\"wp-block-image size-full\"><img loading=\"lazy\" decoding=\"async\" width=\"200\" height=\"435\" src=\"https:\/\/e-rupt.net\/wp-content\/uploads\/2023\/07\/login_200px.png\" alt=\"\" class=\"wp-image-165\" srcset=\"https:\/\/e-rupt.net\/wp-content\/uploads\/2023\/07\/login_200px.png 200w, https:\/\/e-rupt.net\/wp-content\/uploads\/2023\/07\/login_200px-138x300.png 138w\" sizes=\"auto, (max-width: 200px) 100vw, 200px\" \/><\/figure>\n\n\n\n<p>Schritt 1<\/p>\n\n\n\n<p>Schritt 2<\/p>\n\n\n\n<p>Nehmen Sie an unserer Beurteilung teil - sie bestimmt Ihren pers\u00f6nlichen Therapieansatz<\/p>\n\n\n\n<figure class=\"wp-block-image size-full\"><img loading=\"lazy\" decoding=\"async\" width=\"200\" height=\"435\" src=\"https:\/\/e-rupt.net\/wp-content\/uploads\/2023\/07\/assessment_200px.png\" alt=\"\" class=\"wp-image-179\" srcset=\"https:\/\/e-rupt.net\/wp-content\/uploads\/2023\/07\/assessment_200px.png 200w, https:\/\/e-rupt.net\/wp-content\/uploads\/2023\/07\/assessment_200px-138x300.png 138w\" sizes=\"auto, (max-width: 200px) 100vw, 200px\" \/><\/figure>\n\n\n\n<p>Schritt 3<\/p>\n\n\n\n<p>Machen Sie den optionalen Bluttest<\/p>\n\n\n\n<figure class=\"wp-block-image size-full\"><img loading=\"lazy\" decoding=\"async\" width=\"200\" height=\"435\" src=\"https:\/\/e-rupt.net\/wp-content\/uploads\/2023\/07\/bloodtest_200px.png\" alt=\"\" class=\"wp-image-176\" srcset=\"https:\/\/e-rupt.net\/wp-content\/uploads\/2023\/07\/bloodtest_200px.png 200w, https:\/\/e-rupt.net\/wp-content\/uploads\/2023\/07\/bloodtest_200px-138x300.png 138w\" sizes=\"auto, (max-width: 200px) 100vw, 200px\" \/><\/figure>\n\n\n\n<p>Schritt 4<\/p>\n\n\n\n<p>Schlie\u00dfen Sie Ihren pers\u00f6nlichen Therapieweg ab<\/p>\n\n\n\n<figure class=\"wp-block-image size-full\"><img loading=\"lazy\" decoding=\"async\" width=\"200\" height=\"435\" src=\"https:\/\/e-rupt.net\/wp-content\/uploads\/2023\/07\/tracking_200px.png\" alt=\"\" class=\"wp-image-178\" srcset=\"https:\/\/e-rupt.net\/wp-content\/uploads\/2023\/07\/tracking_200px.png 200w, https:\/\/e-rupt.net\/wp-content\/uploads\/2023\/07\/tracking_200px-138x300.png 138w\" sizes=\"auto, (max-width: 200px) 100vw, 200px\" \/><\/figure>\n\n\n\n<p>Schritt 5<\/p>\n\n\n\n<p>Verfolgen Sie jederzeit Ihren Fortschritt auf dem Dashboard<\/p>\n\n\n\n<figure class=\"wp-block-image size-full\"><img loading=\"lazy\" decoding=\"async\" width=\"200\" height=\"435\" src=\"https:\/\/e-rupt.net\/wp-content\/uploads\/2023\/07\/bloodtest_200px.png\" alt=\"\" class=\"wp-image-176\" srcset=\"https:\/\/e-rupt.net\/wp-content\/uploads\/2023\/07\/bloodtest_200px.png 200w, https:\/\/e-rupt.net\/wp-content\/uploads\/2023\/07\/bloodtest_200px-138x300.png 138w\" sizes=\"auto, (max-width: 200px) 100vw, 200px\" \/><\/figure>\n\n\n\n<p>Sie sind fertig, viel Spa\u00df!<\/p>\n\n\n\n<h2 class=\"wp-block-heading\">Bald in den Stores erh\u00e4ltlich<\/h2>\n\n\n\n<figure class=\"wp-block-image size-full\"><img loading=\"lazy\" decoding=\"async\" width=\"300\" height=\"90\" src=\"https:\/\/e-rupt.net\/wp-content\/uploads\/2023\/07\/app_store-300x90-1.webp\" alt=\"\" class=\"wp-image-188\"\/><\/figure>\n\n\n\n<figure class=\"wp-block-image size-full\"><img loading=\"lazy\" decoding=\"async\" width=\"300\" height=\"91\" src=\"https:\/\/e-rupt.net\/wp-content\/uploads\/2023\/07\/google_play-300x91-1.webp\" alt=\"\" class=\"wp-image-187\"\/><\/figure>\n\n\n\n<h2 class=\"wp-block-heading\">FAQ's<\/h2>\n\n\n\n<figure class=\"wp-block-image size-full\"><img decoding=\"async\" src=\"https:\/\/e-rupt.net\/wp-content\/uploads\/2023\/07\/vector1updown.svg\" alt=\"FLoating Form\" class=\"wp-image-212\"\/><\/figure>","protected":false},"excerpt":{"rendered":"<p>ohne Nebenwirkungen Ihr Taschentherapeut f\u00fcr erektile Dysfunktion der M\u00e4nner wird mindestens einmal in ihrem Leben ED erleben der M\u00e4nner, die an ED leiden, sind unter 40 Jahre alt - ihre ED wird haupts\u00e4chlich durch psychologische Probleme verursacht der betroffenen M\u00e4nner suchen keine Hilfe oder professionelle Behandlung aufgrund von Scham, sozialer Stigmatisierung, [...]<\/p>","protected":false},"author":1,"featured_media":0,"parent":0,"menu_order":0,"comment_status":"closed","ping_status":"closed","template":"","meta":{"_acf_changed":false,"_monsterinsights_skip_tracking":false,"_monsterinsights_sitenote_active":false,"_monsterinsights_sitenote_note":"","_monsterinsights_sitenote_category":0,"footnotes":""},"class_list":["post-17","page","type-page","status-publish","hentry"],"acf":[],"_links":{"self":[{"href":"https:\/\/e-rupt.net\/de\/wp-json\/wp\/v2\/pages\/17","targetHints":{"allow":["GET"]}}],"collection":[{"href":"https:\/\/e-rupt.net\/de\/wp-json\/wp\/v2\/pages"}],"about":[{"href":"https:\/\/e-rupt.net\/de\/wp-json\/wp\/v2\/types\/page"}],"author":[{"embeddable":true,"href":"https:\/\/e-rupt.net\/de\/wp-json\/wp\/v2\/users\/1"}],"replies":[{"embeddable":true,"href":"https:\/\/e-rupt.net\/de\/wp-json\/wp\/v2\/comments?post=17"}],"version-history":[{"count":75,"href":"https:\/\/e-rupt.net\/de\/wp-json\/wp\/v2\/pages\/17\/revisions"}],"predecessor-version":[{"id":1575,"href":"https:\/\/e-rupt.net\/de\/wp-json\/wp\/v2\/pages\/17\/revisions\/1575"}],"wp:attachment":[{"href":"https:\/\/e-rupt.net\/de\/wp-json\/wp\/v2\/media?parent=17"}],"curies":[{"name":"wp","href":"https:\/\/api.w.org\/{rel}","templated":true}]}}